{"id":6029,"date":"2025-02-04T13:07:17","date_gmt":"2025-02-04T12:07:17","guid":{"rendered":"https:\/\/duyba.enmantenimiento.es\/chi-siamo\/"},"modified":"2025-09-29T15:38:37","modified_gmt":"2025-09-29T13:38:37","slug":"chi-siamo","status":"publish","type":"page","link":"https:\/\/duyba.com\/it\/chi-siamo\/","title":{"rendered":"Chi siamo"},"content":{"rendered":"\t\t<div data-elementor-type=\"wp-page\" data-elementor-id=\"6029\" class=\"elementor elementor-6029 elementor-92\" data-elementor-post-type=\"page\">\n\t\t\t\t<div class=\"elementor-element elementor-element-854244c e-flex e-con-boxed e-con e-parent\" data-id=\"854244c\" data-element_type=\"container\">\n\t\t\t\t\t<div class=\"e-con-inner\">\n\t\t\t\t<div class=\"elementor-element elementor-element-8038d5f elementor-align-center elementor-widget elementor-widget-breadcrumbs\" data-id=\"8038d5f\" data-element_type=\"widget\" data-widget_type=\"breadcrumbs.default\">\n\t\t\t\t\t<p id=\"breadcrumbs\"><span><span><a href=\"https:\/\/duyba.com\/it\/\">Inicio<\/a><\/span><\/span><\/p>\t\t\t\t<\/div>\n\t\t\t\t<div class=\"elementor-element elementor-element-28f2541 animated-slow elementor-invisible elementor-widget elementor-widget-heading\" data-id=\"28f2541\" data-element_type=\"widget\" data-settings=\"{&quot;_animation_delay&quot;:300,&quot;_animation&quot;:&quot;fadeIn&quot;}\" data-widget_type=\"heading.default\">\n\t\t\t\t\t<h1 class=\"elementor-heading-title elementor-size-default\">Idee che camminano,<br><i>suole che ispirano.<\/i> <\/h1>\t\t\t\t<\/div>\n\t\t\t\t<div class=\"elementor-element elementor-element-72bc95e elementor-widget__width-initial elementor-widget-mobile__width-inherit elementor-widget elementor-widget-text-editor\" data-id=\"72bc95e\" data-element_type=\"widget\" data-widget_type=\"text-editor.default\">\n\t\t\t\t\t\t\t\t\t<p>Per il team di Duyba, ogni progetto \u00e8 una<strong> sfida creativa <\/strong>che affrontiamo con professionalit\u00e0 ed entusiasmo.<\/p>\n<p>Consideriamo le suole una parte essenziale delle collezioni dei nostri clienti, ed \u00e8 per questo che diamo loro l&#8217;importanza che meritano. <strong>Ogni suola che prende vita dalle nostre mani \u00e8 realizzata su misura, progettata al millimetro per adattarsi perfettamente alla visione del progetto pi\u00f9 impegnativo.<\/strong><\/p>\n<p>Premete play e scoprite di pi\u00f9 sul nostro sistema di lavoro.<\/p>\t\t\t\t\t\t\t\t<\/div>\n\t\t<div class=\"elementor-element elementor-element-228c121 e-con-full e-flex e-con e-child\" data-id=\"228c121\" data-element_type=\"container\">\n\t\t\t\t<div class=\"elementor-element elementor-element-f6fd944 elementor-widget elementor-widget-video\" data-id=\"f6fd944\" data-element_type=\"widget\" data-settings=\"{&quot;video_type&quot;:&quot;hosted&quot;,&quot;start&quot;:1,&quot;loop&quot;:&quot;yes&quot;,&quot;show_image_overlay&quot;:&quot;yes&quot;,&quot;image_overlay&quot;:{&quot;url&quot;:&quot;https:\\\/\\\/duyba.com\\\/wp-content\\\/uploads\\\/fondo-ideas-that-walk.jpg&quot;,&quot;id&quot;:3710,&quot;size&quot;:&quot;&quot;,&quot;alt&quot;:&quot;&quot;,&quot;source&quot;:&quot;library&quot;},&quot;controls&quot;:&quot;yes&quot;}\" data-widget_type=\"video.default\">\n\t\t\t\t\t\t\t<div class=\"e-hosted-video elementor-wrapper elementor-open-inline\">\n\t\t\t\t\t<video class=\"elementor-video\" src=\"https:\/\/duyba.com\/wp-content\/uploads\/DUYBA_IDEAS_THAT_WALK_version_corta_fullhd_Italiano.mp4#t=1\" loop=\"\" controls=\"\" preload=\"metadata\" controlsList=\"nodownload\"><\/video>\n\t\t\t\t\t\t<div class=\"elementor-custom-embed-image-overlay\" style=\"background-image: url(https:\/\/duyba.com\/wp-content\/uploads\/fondo-ideas-that-walk.jpg);\">\n\t\t\t\t\t\t\t\t\t\t\t\t\t\t\t\t<div class=\"elementor-custom-embed-play\" role=\"button\" aria-label=\"Riproduci video\" tabindex=\"0\">\n\t\t\t\t\t\t\t<svg aria-hidden=\"true\" class=\"e-font-icon-svg e-eicon-play\" viewBox=\"0 0 1000 1000\" xmlns=\"http:\/\/www.w3.org\/2000\/svg\"><path d=\"M838 162C746 71 633 25 500 25 371 25 258 71 163 162 71 254 25 367 25 500 25 633 71 746 163 837 254 929 367 979 500 979 633 979 746 933 838 837 929 746 975 633 975 500 975 367 929 254 838 162M808 192C892 279 933 379 933 500 933 621 892 725 808 808 725 892 621 938 500 938 379 938 279 896 196 808 113 725 67 621 67 500 67 379 108 279 196 192 279 108 383 62 500 62 621 62 721 108 808 192M438 392V642L642 517 438 392Z\"><\/path><\/svg>\t\t\t\t\t\t<\/div>\n\t\t\t\t\t\t\t\t\t<\/div>\n\t\t\t\t\t<\/div>\n\t\t\t\t\t\t<\/div>\n\t\t\t\t<\/div>\n\t\t\t\t\t<\/div>\n\t\t\t\t<\/div>\n\t\t<div class=\"elementor-element elementor-element-ef8e56b e-con-full e-flex e-con e-parent\" data-id=\"ef8e56b\" data-element_type=\"container\">\n\t\t<div class=\"elementor-element elementor-element-ca2ee22 e-con-full e-flex e-con e-child\" data-id=\"ca2ee22\" data-element_type=\"container\">\n\t\t\t\t<div class=\"elementor-element elementor-element-15c834c animated-slow elementor-invisible elementor-widget elementor-widget-image\" data-id=\"15c834c\" data-element_type=\"widget\" data-settings=\"{&quot;_animation&quot;:&quot;fadeInLeft&quot;,&quot;_animation_delay&quot;:100}\" data-widget_type=\"image.default\">\n\t\t\t\t\t\t\t\t\t\t\t\t\t\t\t<img decoding=\"async\" src=\"https:\/\/duyba.com\/wp-content\/uploads\/elementor\/thumbs\/quienes-somos-duyba-scaled-r75kiva48eqsbirw5blg5unaexvd8aijlo53201ctk.jpg\" title=\"quienes-somos-duyba\" alt=\"quienes-somos-duyba\" loading=\"lazy\" \/>\t\t\t\t\t\t\t\t\t\t\t\t\t\t\t<\/div>\n\t\t\t\t<\/div>\n\t\t<div class=\"elementor-element elementor-element-b5d18d2 e-con-full e-flex e-con e-child\" data-id=\"b5d18d2\" data-element_type=\"container\">\n\t\t\t\t<div class=\"elementor-element elementor-element-f412444 elementor-widget elementor-widget-heading\" data-id=\"f412444\" data-element_type=\"widget\" data-widget_type=\"heading.default\">\n\t\t\t\t\t<p class=\"elementor-heading-title elementor-size-default\">Dal 1978<\/p>\t\t\t\t<\/div>\n\t\t\t\t<div class=\"elementor-element elementor-element-bde00bb elementor-widget elementor-widget-heading\" data-id=\"bde00bb\" data-element_type=\"widget\" data-widget_type=\"heading.default\">\n\t\t\t\t\t<h2 class=\"elementor-heading-title elementor-size-default\">Un grande team<i>.<\/i><\/h2>\t\t\t\t<\/div>\n\t\t\t\t<div class=\"elementor-element elementor-element-a3a271b elementor-widget-mobile__width-inherit elementor-widget-tablet_extra__width-inherit elementor-widget elementor-widget-text-editor\" data-id=\"a3a271b\" data-element_type=\"widget\" data-widget_type=\"text-editor.default\">\n\t\t\t\t\t\t\t\t\t<p>Siamo produttori di suole per calzature da oltre ben 40 anni, un<strong> grande team di professionisti <\/strong>che apportano la loro e<strong>sperienza<\/strong> e <strong>il loro saper<\/strong> fare a ogni suola.<\/p>\n<p>Era il 1978 quando Antonio Bail\u00e9n e Vicente Dur\u00e1 fondarono Duyba Troquelados y Prefabricados S.L.;&nbsp; ci\u00f2 con l&#8217;obiettivo di fornire soluzioni tecniche di qualit\u00e0 al settore. Oggi troviamo Vicente Dur\u00e1 Jr. ai vertici del progetto, <strong>dedito al suo impegno per l&#8217;innovazione, la personalizzazione e l&#8217;eccellenza<\/strong>. <\/p>\t\t\t\t\t\t\t\t<\/div>\n\t\t\t\t<\/div>\n\t\t\t\t<\/div>\n\t\t<div class=\"elementor-element elementor-element-fa8638d e-con-full e-flex e-con e-parent\" data-id=\"fa8638d\" data-element_type=\"container\" data-settings=\"{&quot;background_background&quot;:&quot;classic&quot;}\">\n\t\t<div class=\"elementor-element elementor-element-54b82e6 e-con-full e-flex e-con e-child\" data-id=\"54b82e6\" data-element_type=\"container\">\n\t\t\t\t<div class=\"elementor-element elementor-element-2295f71 elementor-widget elementor-widget-heading\" data-id=\"2295f71\" data-element_type=\"widget\" data-widget_type=\"heading.default\">\n\t\t\t\t\t<p class=\"elementor-heading-title elementor-size-default\">Esperienza<\/p>\t\t\t\t<\/div>\n\t\t\t\t<div class=\"elementor-element elementor-element-151b19a elementor-widget elementor-widget-heading\" data-id=\"151b19a\" data-element_type=\"widget\" data-widget_type=\"heading.default\">\n\t\t\t\t\t<h2 class=\"elementor-heading-title elementor-size-default\"> <i>Evoluzione<\/i> e miglioramento continuo\n<\/h2>\t\t\t\t<\/div>\n\t\t\t\t<div class=\"elementor-element elementor-element-4aee82e elementor-widget-tablet_extra__width-inherit elementor-widget-mobile__width-inherit elementor-widget elementor-widget-text-editor\" data-id=\"4aee82e\" data-element_type=\"widget\" data-widget_type=\"text-editor.default\">\n\t\t\t\t\t\t\t\t\t<p><strong>Il settore calzaturiero e la moda sono in continua evoluzione e trasformazione.<\/strong> Noi di Duyba rispondiamo a questa evoluzione con proposte e soluzioni su misura per le esigenze di ciascun cliente. <\/p><p>Nel corso degli anni abbiamo adottato innovazioni tecniche, metodologie di lavoro e conoscenze specialistiche che ci consentono di sviluppare suole <strong>conformi ai pi\u00f9 elevati standard di qualit\u00e0,<\/strong> mantenendoci sempre un passo avanti rispetto alla concorrenza.<\/p>\t\t\t\t\t\t\t\t<\/div>\n\t\t\t\t<\/div>\n\t\t<div class=\"elementor-element elementor-element-83045e7 e-con-full e-flex e-con e-child\" data-id=\"83045e7\" data-element_type=\"container\">\n\t\t\t\t<div class=\"elementor-element elementor-element-e942888 animated-slow elementor-invisible elementor-widget elementor-widget-image\" data-id=\"e942888\" data-element_type=\"widget\" data-settings=\"{&quot;_animation&quot;:&quot;fadeInRight&quot;,&quot;_animation_delay&quot;:100}\" data-widget_type=\"image.default\">\n\t\t\t\t\t\t\t\t\t\t\t\t\t\t\t<img decoding=\"async\" src=\"https:\/\/duyba.com\/wp-content\/uploads\/elementor\/thumbs\/Suelas-Foto-central_1-r5sqihovctq5gso9tkm9pgazea880a1k9aaaaacg88.jpg\" title=\"Suelas-Foto central_1\" alt=\"Suelas-Foto central_1\" loading=\"lazy\" \/>\t\t\t\t\t\t\t\t\t\t\t\t\t\t\t<\/div>\n\t\t\t\t<\/div>\n\t\t\t\t<\/div>\n\t\t<div class=\"elementor-element elementor-element-10eca8e e-con-full e-flex e-con e-parent\" data-id=\"10eca8e\" data-element_type=\"container\">\n\t\t<div class=\"elementor-element elementor-element-ee3f037 e-con-full e-flex e-con e-child\" data-id=\"ee3f037\" data-element_type=\"container\">\n\t\t\t\t<div class=\"elementor-element elementor-element-3f7dcc0 animated-slow elementor-invisible elementor-widget elementor-widget-image\" data-id=\"3f7dcc0\" data-element_type=\"widget\" data-settings=\"{&quot;_animation&quot;:&quot;fadeInLeft&quot;,&quot;_animation_delay&quot;:100}\" data-widget_type=\"image.default\">\n\t\t\t\t\t\t\t\t\t\t\t\t\t\t\t<img decoding=\"async\" src=\"https:\/\/duyba.com\/wp-content\/uploads\/elementor\/thumbs\/fachada-de-duyba-r7fq5vlym9wszirpf3sdc7mhln2ouaqyoilu5n427c.jpg\" title=\"fachada-de-duyba\" alt=\"Fachada exerior duyba\" loading=\"lazy\" \/>\t\t\t\t\t\t\t\t\t\t\t\t\t\t\t<\/div>\n\t\t\t\t<\/div>\n\t\t<div class=\"elementor-element elementor-element-55f0b44 e-con-full e-flex e-con e-child\" data-id=\"55f0b44\" data-element_type=\"container\">\n\t\t\t\t<div class=\"elementor-element elementor-element-f4a88a7 elementor-widget elementor-widget-heading\" data-id=\"f4a88a7\" data-element_type=\"widget\" data-widget_type=\"heading.default\">\n\t\t\t\t\t<p class=\"elementor-heading-title elementor-size-default\">Ubicazione<\/p>\t\t\t\t<\/div>\n\t\t\t\t<div class=\"elementor-element elementor-element-ac3e35e elementor-widget elementor-widget-heading\" data-id=\"ac3e35e\" data-element_type=\"widget\" data-widget_type=\"heading.default\">\n\t\t\t\t\t<h2 class=\"elementor-heading-title elementor-size-default\"> <i>Nel cuore<\/i> dell'industria calzaturiera di qualit\u00e0 in Spagna<\/h2>\t\t\t\t<\/div>\n\t\t\t\t<div class=\"elementor-element elementor-element-57c0569 elementor-widget-tablet_extra__width-inherit elementor-widget-mobile__width-inherit elementor-widget elementor-widget-text-editor\" data-id=\"57c0569\" data-element_type=\"widget\" data-widget_type=\"text-editor.default\">\n\t\t\t\t\t\t\t\t\t<p><strong>Ci troviamo ad Elche, <\/strong>una delle citt\u00e0 chiave della Valle del Vinalop\u00f3 dove l&#8217;industria calzaturiera ha iniziato il suo boom negli anni settanta. Attualmente, il distretto a sud di Alicante \u00e8 il principale centro industriale del settore calzaturiero e annessi componenti in Spagna, consolidandosi come<strong> riferimento nazionale in termini di innovazione, design e produzione.<\/strong> <\/p>\t\t\t\t\t\t\t\t<\/div>\n\t\t\t\t<\/div>\n\t\t\t\t<\/div>\n\t\t<div class=\"elementor-element elementor-element-a25e662 e-con-full e-flex e-con e-parent\" data-id=\"a25e662\" data-element_type=\"container\">\n\t\t<div class=\"elementor-element elementor-element-2b1afbd e-con-full e-flex e-con e-child\" data-id=\"2b1afbd\" data-element_type=\"container\" data-settings=\"{&quot;background_background&quot;:&quot;classic&quot;}\">\n\t\t<div class=\"elementor-element elementor-element-e040e66 e-con-full e-flex e-con e-child\" data-id=\"e040e66\" data-element_type=\"container\" data-settings=\"{&quot;background_background&quot;:&quot;classic&quot;}\">\n\t\t\t\t<div class=\"elementor-element elementor-element-a0881a5 elementor-widget elementor-widget-heading\" data-id=\"a0881a5\" data-element_type=\"widget\" data-widget_type=\"heading.default\">\n\t\t\t\t\t<p class=\"elementor-heading-title elementor-size-default\">Ci prendiamo cura del pianeta<\/p>\t\t\t\t<\/div>\n\t\t\t\t<div class=\"elementor-element elementor-element-8ba42d7 elementor-widget elementor-widget-heading\" data-id=\"8ba42d7\" data-element_type=\"widget\" data-widget_type=\"heading.default\">\n\t\t\t\t\t<h2 class=\"elementor-heading-title elementor-size-default\">Il nostro impegno verso<br><i>la sostenibilit\u00e0.<\/i><\/h2>\t\t\t\t<\/div>\n\t\t\t\t<div class=\"elementor-element elementor-element-95561dc elementor-widget-divider--view-line_icon elementor-view-default elementor-widget-divider--element-align-center elementor-widget elementor-widget-divider\" data-id=\"95561dc\" data-element_type=\"widget\" data-widget_type=\"divider.default\">\n\t\t\t\t\t\t\t<div class=\"elementor-divider\">\n\t\t\t<span class=\"elementor-divider-separator\">\n\t\t\t\t\t\t\t<div class=\"elementor-icon elementor-divider__element\">\n\t\t\t\t\t<i aria-hidden=\"true\" class=\"lnr lnr-earth\"><\/i><\/div>\n\t\t\t\t\t\t<\/span>\n\t\t<\/div>\n\t\t\t\t\t\t<\/div>\n\t\t\t\t<div class=\"elementor-element elementor-element-3cfc4a3 elementor-widget__width-initial elementor-widget elementor-widget-text-editor\" data-id=\"3cfc4a3\" data-element_type=\"widget\" data-widget_type=\"text-editor.default\">\n\t\t\t\t\t\t\t\t\t<p><strong>Noi di Duyba riteniamo la sostenibilit\u00e0 una responsabilit\u00e0 <\/strong>attiva in ogni fase del processo produttivo. Ecco perch\u00e9 ci impegniamo per sfruttare al meglio i materiali utilizzati nella produzione delle suole, riducendo al minimo gli sprechi e ottimizzando le prestazioni di ogni risorsa. <\/p><p>Implementiamo sistemi di gestione che ci consentono <strong>di riciclare i rifiuti generati <\/strong>durante la produzione, reintegrandoli nel processo ove possibile.<\/p><p>Il nostro impegno per l&#8217;ambiente fa parte di una visione a lungo termine: <strong>produrre suole in modo responsabile, efficiente e con il minor impatto possibile.<\/strong><\/p>\t\t\t\t\t\t\t\t<\/div>\n\t\t\t\t<\/div>\n\t\t\t\t<\/div>\n\t\t\t\t<\/div>\n\t\t\t\t<\/div>\n\t\t","protected":false},"excerpt":{"rendered":"<p>Idee che camminano,suole che ispirano. Per il team di Duyba, ogni progetto \u00e8 una sfida creativa che affrontiamo con professionalit\u00e0 ed entusiasmo. Consideriamo le suole una parte essenziale delle collezioni dei nostri clienti, ed \u00e8 per questo che diamo loro l&#8217;importanza che meritano. Ogni suola che prende vita dalle nostre mani \u00e8 realizzata su misura, [&hellip;]<\/p>\n","protected":false},"author":1,"featured_media":0,"parent":0,"menu_order":0,"comment_status":"closed","ping_status":"closed","template":"","meta":{"_joinchat":[],"footnotes":""},"class_list":["post-6029","page","type-page","status-publish","hentry"],"yoast_head":"<!-- This site is optimized with the Yoast SEO plugin v26.0 - https:\/\/yoast.com\/wordpress\/plugins\/seo\/ -->\n<title>Chi siamo - Duyba<\/title>\n<meta name=\"description\" content=\"Scopri l&#039;intera storia di Duyba come suolaio dal 1978. Situata a Elche, cuore dell&#039;industria calzaturiera spagnola.\" \/>\n<meta name=\"robots\" content=\"index, follow, max-snippet:-1, max-image-preview:large, max-video-preview:-1\" \/>\n<link rel=\"canonical\" href=\"https:\/\/duyba.com\/it\/chi-siamo\/\" \/>\n<meta property=\"og:locale\" content=\"it_IT\" \/>\n<meta property=\"og:type\" content=\"article\" \/>\n<meta property=\"og:title\" content=\"Chi siamo - Duyba\" \/>\n<meta property=\"og:description\" content=\"Scopri l&#039;intera storia di Duyba come suolaio dal 1978. Situata a Elche, cuore dell&#039;industria calzaturiera spagnola.\" \/>\n<meta property=\"og:url\" content=\"https:\/\/duyba.com\/it\/chi-siamo\/\" \/>\n<meta property=\"og:site_name\" content=\"Duyba\" \/>\n<meta property=\"article:modified_time\" content=\"2025-09-29T13:38:37+00:00\" \/>\n<meta property=\"og:image\" content=\"https:\/\/duyba.com\/wp-content\/uploads\/elementor\/thumbs\/quienes-somos-duyba-scaled-r75kiva48eqsbirw5blg5unaexvd8aijlo53201ctk.jpg\" \/>\n<meta name=\"twitter:card\" content=\"summary_large_image\" \/>\n<meta name=\"twitter:label1\" content=\"Tempo di lettura stimato\" \/>\n\t<meta name=\"twitter:data1\" content=\"3 minuti\" \/>\n<script type=\"application\/ld+json\" class=\"yoast-schema-graph\">{\"@context\":\"https:\/\/schema.org\",\"@graph\":[{\"@type\":\"WebPage\",\"@id\":\"https:\/\/duyba.com\/it\/chi-siamo\/\",\"url\":\"https:\/\/duyba.com\/it\/chi-siamo\/\",\"name\":\"Chi siamo - Duyba\",\"isPartOf\":{\"@id\":\"https:\/\/duyba.com\/it\/#website\"},\"primaryImageOfPage\":{\"@id\":\"https:\/\/duyba.com\/it\/chi-siamo\/#primaryimage\"},\"image\":{\"@id\":\"https:\/\/duyba.com\/it\/chi-siamo\/#primaryimage\"},\"thumbnailUrl\":\"https:\/\/duyba.com\/wp-content\/uploads\/elementor\/thumbs\/quienes-somos-duyba-scaled-r75kiva48eqsbirw5blg5unaexvd8aijlo53201ctk.jpg\",\"datePublished\":\"2025-02-04T12:07:17+00:00\",\"dateModified\":\"2025-09-29T13:38:37+00:00\",\"description\":\"Scopri l'intera storia di Duyba come suolaio dal 1978. Situata a Elche, cuore dell'industria calzaturiera spagnola.\",\"breadcrumb\":{\"@id\":\"https:\/\/duyba.com\/it\/chi-siamo\/#breadcrumb\"},\"inLanguage\":\"it-IT\",\"potentialAction\":[{\"@type\":\"ReadAction\",\"target\":[\"https:\/\/duyba.com\/it\/chi-siamo\/\"]}]},{\"@type\":\"ImageObject\",\"inLanguage\":\"it-IT\",\"@id\":\"https:\/\/duyba.com\/it\/chi-siamo\/#primaryimage\",\"url\":\"https:\/\/duyba.com\/wp-content\/uploads\/elementor\/thumbs\/quienes-somos-duyba-scaled-r75kiva48eqsbirw5blg5unaexvd8aijlo53201ctk.jpg\",\"contentUrl\":\"https:\/\/duyba.com\/wp-content\/uploads\/elementor\/thumbs\/quienes-somos-duyba-scaled-r75kiva48eqsbirw5blg5unaexvd8aijlo53201ctk.jpg\"},{\"@type\":\"BreadcrumbList\",\"@id\":\"https:\/\/duyba.com\/it\/chi-siamo\/#breadcrumb\",\"itemListElement\":[{\"@type\":\"ListItem\",\"position\":1,\"name\":\"Inicio\",\"item\":\"https:\/\/duyba.com\/it\/\"},{\"@type\":\"ListItem\",\"position\":2,\"name\":\"Chi siamo\"}]},{\"@type\":\"WebSite\",\"@id\":\"https:\/\/duyba.com\/it\/#website\",\"url\":\"https:\/\/duyba.com\/it\/\",\"name\":\"Duyba\",\"description\":\"Suelas prefabricadas para el calzado\",\"publisher\":{\"@id\":\"https:\/\/duyba.com\/it\/#organization\"},\"potentialAction\":[{\"@type\":\"SearchAction\",\"target\":{\"@type\":\"EntryPoint\",\"urlTemplate\":\"https:\/\/duyba.com\/it\/?s={search_term_string}\"},\"query-input\":{\"@type\":\"PropertyValueSpecification\",\"valueRequired\":true,\"valueName\":\"search_term_string\"}}],\"inLanguage\":\"it-IT\"},{\"@type\":\"Organization\",\"@id\":\"https:\/\/duyba.com\/it\/#organization\",\"name\":\"Duyba\",\"url\":\"https:\/\/duyba.com\/it\/\",\"logo\":{\"@type\":\"ImageObject\",\"inLanguage\":\"it-IT\",\"@id\":\"https:\/\/duyba.com\/it\/#\/schema\/logo\/image\/\",\"url\":\"https:\/\/duyba.com\/wp-content\/uploads\/Logo-duyba-sin-simbolo.png\",\"contentUrl\":\"https:\/\/duyba.com\/wp-content\/uploads\/Logo-duyba-sin-simbolo.png\",\"width\":608,\"height\":112,\"caption\":\"Duyba\"},\"image\":{\"@id\":\"https:\/\/duyba.com\/it\/#\/schema\/logo\/image\/\"}}]}<\/script>\n<!-- \/ Yoast SEO plugin. -->","yoast_head_json":{"title":"Chi siamo - Duyba","description":"Scopri l'intera storia di Duyba come suolaio dal 1978. Situata a Elche, cuore dell'industria calzaturiera spagnola.","robots":{"index":"index","follow":"follow","max-snippet":"max-snippet:-1","max-image-preview":"max-image-preview:large","max-video-preview":"max-video-preview:-1"},"canonical":"https:\/\/duyba.com\/it\/chi-siamo\/","og_locale":"it_IT","og_type":"article","og_title":"Chi siamo - Duyba","og_description":"Scopri l'intera storia di Duyba come suolaio dal 1978. Situata a Elche, cuore dell'industria calzaturiera spagnola.","og_url":"https:\/\/duyba.com\/it\/chi-siamo\/","og_site_name":"Duyba","article_modified_time":"2025-09-29T13:38:37+00:00","og_image":[{"url":"https:\/\/duyba.com\/wp-content\/uploads\/elementor\/thumbs\/quienes-somos-duyba-scaled-r75kiva48eqsbirw5blg5unaexvd8aijlo53201ctk.jpg","type":"","width":"","height":""}],"twitter_card":"summary_large_image","twitter_misc":{"Tempo di lettura stimato":"3 minuti"},"schema":{"@context":"https:\/\/schema.org","@graph":[{"@type":"WebPage","@id":"https:\/\/duyba.com\/it\/chi-siamo\/","url":"https:\/\/duyba.com\/it\/chi-siamo\/","name":"Chi siamo - Duyba","isPartOf":{"@id":"https:\/\/duyba.com\/it\/#website"},"primaryImageOfPage":{"@id":"https:\/\/duyba.com\/it\/chi-siamo\/#primaryimage"},"image":{"@id":"https:\/\/duyba.com\/it\/chi-siamo\/#primaryimage"},"thumbnailUrl":"https:\/\/duyba.com\/wp-content\/uploads\/elementor\/thumbs\/quienes-somos-duyba-scaled-r75kiva48eqsbirw5blg5unaexvd8aijlo53201ctk.jpg","datePublished":"2025-02-04T12:07:17+00:00","dateModified":"2025-09-29T13:38:37+00:00","description":"Scopri l'intera storia di Duyba come suolaio dal 1978. Situata a Elche, cuore dell'industria calzaturiera spagnola.","breadcrumb":{"@id":"https:\/\/duyba.com\/it\/chi-siamo\/#breadcrumb"},"inLanguage":"it-IT","potentialAction":[{"@type":"ReadAction","target":["https:\/\/duyba.com\/it\/chi-siamo\/"]}]},{"@type":"ImageObject","inLanguage":"it-IT","@id":"https:\/\/duyba.com\/it\/chi-siamo\/#primaryimage","url":"https:\/\/duyba.com\/wp-content\/uploads\/elementor\/thumbs\/quienes-somos-duyba-scaled-r75kiva48eqsbirw5blg5unaexvd8aijlo53201ctk.jpg","contentUrl":"https:\/\/duyba.com\/wp-content\/uploads\/elementor\/thumbs\/quienes-somos-duyba-scaled-r75kiva48eqsbirw5blg5unaexvd8aijlo53201ctk.jpg"},{"@type":"BreadcrumbList","@id":"https:\/\/duyba.com\/it\/chi-siamo\/#breadcrumb","itemListElement":[{"@type":"ListItem","position":1,"name":"Inicio","item":"https:\/\/duyba.com\/it\/"},{"@type":"ListItem","position":2,"name":"Chi siamo"}]},{"@type":"WebSite","@id":"https:\/\/duyba.com\/it\/#website","url":"https:\/\/duyba.com\/it\/","name":"Duyba","description":"Suelas prefabricadas para el calzado","publisher":{"@id":"https:\/\/duyba.com\/it\/#organization"},"potentialAction":[{"@type":"SearchAction","target":{"@type":"EntryPoint","urlTemplate":"https:\/\/duyba.com\/it\/?s={search_term_string}"},"query-input":{"@type":"PropertyValueSpecification","valueRequired":true,"valueName":"search_term_string"}}],"inLanguage":"it-IT"},{"@type":"Organization","@id":"https:\/\/duyba.com\/it\/#organization","name":"Duyba","url":"https:\/\/duyba.com\/it\/","logo":{"@type":"ImageObject","inLanguage":"it-IT","@id":"https:\/\/duyba.com\/it\/#\/schema\/logo\/image\/","url":"https:\/\/duyba.com\/wp-content\/uploads\/Logo-duyba-sin-simbolo.png","contentUrl":"https:\/\/duyba.com\/wp-content\/uploads\/Logo-duyba-sin-simbolo.png","width":608,"height":112,"caption":"Duyba"},"image":{"@id":"https:\/\/duyba.com\/it\/#\/schema\/logo\/image\/"}}]}},"_links":{"self":[{"href":"https:\/\/duyba.com\/it\/wp-json\/wp\/v2\/pages\/6029","targetHints":{"allow":["GET"]}}],"collection":[{"href":"https:\/\/duyba.com\/it\/wp-json\/wp\/v2\/pages"}],"about":[{"href":"https:\/\/duyba.com\/it\/wp-json\/wp\/v2\/types\/page"}],"author":[{"embeddable":true,"href":"https:\/\/duyba.com\/it\/wp-json\/wp\/v2\/users\/1"}],"replies":[{"embeddable":true,"href":"https:\/\/duyba.com\/it\/wp-json\/wp\/v2\/comments?post=6029"}],"version-history":[{"count":4,"href":"https:\/\/duyba.com\/it\/wp-json\/wp\/v2\/pages\/6029\/revisions"}],"predecessor-version":[{"id":6481,"href":"https:\/\/duyba.com\/it\/wp-json\/wp\/v2\/pages\/6029\/revisions\/6481"}],"wp:attachment":[{"href":"https:\/\/duyba.com\/it\/wp-json\/wp\/v2\/media?parent=6029"}],"curies":[{"name":"wp","href":"https:\/\/api.w.org\/{rel}","templated":true}]}}